{"id":8280,"date":"2024-10-18T07:59:49","date_gmt":"2024-10-18T07:59:49","guid":{"rendered":"https:\/\/kmul.staging.enigmat.io\/kontakt\/"},"modified":"2026-04-01T07:08:59","modified_gmt":"2026-04-01T07:08:59","slug":"kontakt","status":"publish","type":"page","link":"https:\/\/kmul.staging.enigmat.io\/de\/kontakt\/","title":{"rendered":"Kontakt"},"content":{"rendered":"\t\t<div data-elementor-type=\"wp-page\" data-elementor-id=\"8280\" class=\"elementor elementor-8280 elementor-277\" data-elementor-post-type=\"page\">\n\t\t\t\t<div class=\"elementor-element elementor-element-8e0d6c1 e-flex e-con-boxed e-con e-parent\" data-id=\"8e0d6c1\" data-element_type=\"container\" data-e-type=\"container\">\n\t\t\t\t\t<div class=\"e-con-inner\">\n\t\t<div class=\"elementor-element elementor-element-357e222 e-con-full e-flex e-con e-child\" data-id=\"357e222\" data-element_type=\"container\" data-e-type=\"container\">\n\t\t\t\t<div class=\"elementor-element elementor-element-0643820 elementor-widget elementor-widget-heading\" data-id=\"0643820\" data-element_type=\"widget\" data-e-type=\"widget\" data-widget_type=\"heading.default\">\n\t\t\t\t\t<h2 class=\"elementor-heading-title elementor-size-default\">Lass uns in Kontakt bleiben<\/h2>\t\t\t\t<\/div>\n\t\t\t\t<div class=\"elementor-element elementor-element-f96c75b elementor-widget elementor-widget-text-editor\" data-id=\"f96c75b\" data-element_type=\"widget\" data-e-type=\"widget\" data-widget_type=\"text-editor.default\">\n\t\t\t\t\t\t\t\t\t<p>Haben Sie eine Frage, ben\u00f6tigen Sie fachkundige Beratung oder m\u00f6chten Sie mehr \u00fcber unsere Ventill\u00f6sungen erfahren? Wir helfen Ihnen gerne.<\/p>\n<p>Kontaktieren Sie unser Team telefonisch, per E-Mail oder \u00fcber unser Kontaktformular \u2013 wir melden uns schnellstm\u00f6glich bei Ihnen. Ob Sie technischen Support, Produktinformationen oder eine ma\u00dfgeschneiderte L\u00f6sung ben\u00f6tigen, wir unterst\u00fctzen Sie gerne.<\/p>\n\t\t\t\t\t\t\t\t<\/div>\n\t\t<div class=\"elementor-element elementor-element-7cfec82 e-con-full e-flex e-con e-child\" data-id=\"7cfec82\" data-element_type=\"container\" data-e-type=\"container\">\n\t\t\t\t<div class=\"elementor-element elementor-element-51f9e9b elementor-position-inline-start elementor-mobile-position-inline-start elementor-view-default elementor-widget elementor-widget-icon-box\" data-id=\"51f9e9b\" data-element_type=\"widget\" data-e-type=\"widget\" data-widget_type=\"icon-box.default\">\n\t\t\t\t\t\t\t<div class=\"elementor-icon-box-wrapper\">\n\n\t\t\t\t\t\t<div class=\"elementor-icon-box-icon\">\n\t\t\t\t<span  class=\"elementor-icon\">\n\t\t\t\t<i aria-hidden=\"true\" class=\"autosoe-icon- autosoe-icon-home\"><\/i>\t\t\t\t<\/span>\n\t\t\t<\/div>\n\t\t\t\n\t\t\t\t\t\t<div class=\"elementor-icon-box-content\">\n\n\t\t\t\t\n\t\t\t\t\t\t\t\t\t<p class=\"elementor-icon-box-description\">\n\t\t\t\t\t\t<p>Halskestra\u00dfe 14,<br \/>\n47877 Willich, Deutschland<\/p>\n\t\t\t\t\t<\/p>\n\t\t\t\t\n\t\t\t<\/div>\n\t\t\t\n\t\t<\/div>\n\t\t\t\t\t\t<\/div>\n\t\t\t\t<div class=\"elementor-element elementor-element-203d0fb elementor-position-inline-start elementor-mobile-position-inline-start elementor-view-default elementor-widget elementor-widget-icon-box\" data-id=\"203d0fb\" data-element_type=\"widget\" data-e-type=\"widget\" data-widget_type=\"icon-box.default\">\n\t\t\t\t\t\t\t<div class=\"elementor-icon-box-wrapper\">\n\n\t\t\t\t\t\t<div class=\"elementor-icon-box-icon\">\n\t\t\t\t<span  class=\"elementor-icon\">\n\t\t\t\t<i aria-hidden=\"true\" class=\"autosoe-icon- autosoe-icon-telephone\"><\/i>\t\t\t\t<\/span>\n\t\t\t<\/div>\n\t\t\t\n\t\t\t\t\t\t<div class=\"elementor-icon-box-content\">\n\n\t\t\t\t\n\t\t\t\t\t\t\t\t\t<p class=\"elementor-icon-box-description\">\n\t\t\t\t\t\t<p>Sprechen Sie mit den Experten.<br \/>\n<a href=\"tel:+49 2154 8875200\">+49 2154 8875200<\/a><\/p>\n\t\t\t\t\t<\/p>\n\t\t\t\t\n\t\t\t<\/div>\n\t\t\t\n\t\t<\/div>\n\t\t\t\t\t\t<\/div>\n\t\t\t\t<div class=\"elementor-element elementor-element-80d5b79 elementor-position-inline-start elementor-mobile-position-inline-start elementor-view-default elementor-widget elementor-widget-icon-box\" data-id=\"80d5b79\" data-element_type=\"widget\" data-e-type=\"widget\" data-widget_type=\"icon-box.default\">\n\t\t\t\t\t\t\t<div class=\"elementor-icon-box-wrapper\">\n\n\t\t\t\t\t\t<div class=\"elementor-icon-box-icon\">\n\t\t\t\t<span  class=\"elementor-icon\">\n\t\t\t\t<i aria-hidden=\"true\" class=\"autosoe-icon- autosoe-icon-home\"><\/i>\t\t\t\t<\/span>\n\t\t\t<\/div>\n\t\t\t\n\t\t\t\t\t\t<div class=\"elementor-icon-box-content\">\n\n\t\t\t\t\n\t\t\t\t\t\t\t\t\t<p class=\"elementor-icon-box-description\">\n\t\t\t\t\t\t<p>Schreiben Sie uns eine E-Mail:<br \/>\n<a href=\"mailto:sales@kh-m.de\">sales@kh-m.de<\/a><\/p>\n\t\t\t\t\t<\/p>\n\t\t\t\t\n\t\t\t<\/div>\n\t\t\t\n\t\t<\/div>\n\t\t\t\t\t\t<\/div>\n\t\t\t\t<\/div>\n\t\t\t\t<\/div>\n\t\t<div class=\"elementor-element elementor-element-7d00c38 e-con-full e-flex e-con e-child\" data-id=\"7d00c38\" data-element_type=\"container\" data-e-type=\"container\">\n\t\t\t\t<div class=\"elementor-element elementor-element-bb1de0d elementor-widget__width-initial elementor-widget elementor-widget-autosoe-contactform\" data-id=\"bb1de0d\" data-element_type=\"widget\" data-e-type=\"widget\" data-widget_type=\"autosoe-contactform.default\">\n\t\t\t\t<div class=\"elementor-widget-container\">\n\t\t\t\t\t\n<div class=\"wpcf7 no-js\" id=\"wpcf7-f8319-o1\" lang=\"de-DE\" dir=\"ltr\" data-wpcf7-id=\"8319\">\n<div class=\"screen-reader-response\"><p role=\"status\" aria-live=\"polite\" aria-atomic=\"true\"><\/p> <ul><\/ul><\/div>\n<form action=\"\/de\/wp-json\/wp\/v2\/pages\/8280#wpcf7-f8319-o1\" method=\"post\" class=\"wpcf7-form init\" aria-label=\"Kontaktformular\" novalidate=\"novalidate\" data-status=\"init\">\n<fieldset class=\"hidden-fields-container\"><input type=\"hidden\" name=\"_wpcf7\" value=\"8319\" \/><input type=\"hidden\" name=\"_wpcf7_version\" value=\"6.1.5\" \/><input type=\"hidden\" name=\"_wpcf7_locale\" value=\"de_DE\" \/><input type=\"hidden\" name=\"_wpcf7_unit_tag\" value=\"wpcf7-f8319-o1\" \/><input type=\"hidden\" name=\"_wpcf7_container_post\" value=\"0\" \/><input type=\"hidden\" name=\"_wpcf7_posted_data_hash\" value=\"\" \/>\n<\/fieldset>\n<div class=\"form-row\">\n\t<div class=\"form-col\">\n\t\t<p><span class=\"wpcf7-form-control-wrap\" data-name=\"inquiry\"><select class=\"wpcf7-form-control wpcf7-select wpcf7-validates-as-required\" aria-required=\"true\" aria-invalid=\"false\" name=\"inquiry\"><option value=\"Allgemeine Anfrage\">Allgemeine Anfrage<\/option><option value=\"Kugelhahn-Spezifikationen\">Kugelhahn-Spezifikationen<\/option><option value=\"Kundenspezifische Ventilfertigung\">Kundenspezifische Ventilfertigung<\/option><option value=\"Anforderung technischer Dokumentation\">Anforderung technischer Dokumentation<\/option><option value=\"Gro\u00dfbestellung \/ Preisgestaltung\">Gro\u00dfbestellung \/ Preisgestaltung<\/option><option value=\"After-Sales-Support\">After-Sales-Support<\/option><option value=\"Partnerschaft \/ Vertrieb\">Partnerschaft \/ Vertrieb<\/option><\/select><\/span>\n\t\t<\/p>\n\t<\/div>\n\t<div class=\"form-col\">\n\t\t<p><span class=\"wpcf7-form-control-wrap\" data-name=\"your-email\"><input size=\"40\" maxlength=\"400\" class=\"wpcf7-form-control wpcf7-email wpcf7-validates-as-required wpcf7-text wpcf7-validates-as-email\" aria-required=\"true\" aria-invalid=\"false\" placeholder=\"E-Mail\" value=\"\" type=\"email\" name=\"your-email\" \/><\/span>\n\t\t<\/p>\n\t<\/div>\n<\/div>\n<div class=\"form-row\">\n\t<div class=\"form-col\">\n\t\t<p><span class=\"wpcf7-form-control-wrap\" data-name=\"first-name\"><input size=\"40\" maxlength=\"400\" class=\"wpcf7-form-control wpcf7-text wpcf7-validates-as-required\" aria-required=\"true\" aria-invalid=\"false\" placeholder=\"Vorname\" value=\"\" type=\"text\" name=\"first-name\" \/><\/span>\n\t\t<\/p>\n\t<\/div>\n\t<div class=\"form-col\">\n\t\t<p><span class=\"wpcf7-form-control-wrap\" data-name=\"last-name\"><input size=\"40\" maxlength=\"400\" class=\"wpcf7-form-control wpcf7-text wpcf7-validates-as-required\" aria-required=\"true\" aria-invalid=\"false\" placeholder=\"Nachname\" value=\"\" type=\"text\" name=\"last-name\" \/><\/span>\n\t\t<\/p>\n\t<\/div>\n<\/div>\n<div class=\"form-row\">\n\t<div class=\"form-col\">\n\t\t<p><span class=\"wpcf7-form-control-wrap\" data-name=\"company-name\"><input size=\"40\" maxlength=\"400\" class=\"wpcf7-form-control wpcf7-text wpcf7-validates-as-required\" aria-required=\"true\" aria-invalid=\"false\" placeholder=\"Firmenname\" value=\"\" type=\"text\" name=\"company-name\" \/><\/span>\n\t\t<\/p>\n\t<\/div>\n\t<div class=\"form-col\">\n\t\t<p><span class=\"wpcf7-form-control-wrap\" data-name=\"last-name\"><input size=\"40\" maxlength=\"400\" class=\"wpcf7-form-control wpcf7-tel wpcf7-validates-as-required wpcf7-text wpcf7-validates-as-tel\" aria-required=\"true\" aria-invalid=\"false\" placeholder=\"Telefonnummer\" value=\"\" type=\"tel\" name=\"last-name\" \/><\/span>\n\t\t<\/p>\n\t<\/div>\n<\/div>\n<div class=\"form-row full\">\n\t<p><span class=\"wpcf7-form-control-wrap\" data-name=\"your-message\"><textarea cols=\"40\" rows=\"10\" maxlength=\"2000\" class=\"wpcf7-form-control wpcf7-textarea\" aria-invalid=\"false\" placeholder=\"Nachricht\" name=\"your-message\"><\/textarea><\/span>\n\t<\/p>\n<\/div>\n<div class=\"form-row\">\n\t<p><input class=\"wpcf7-form-control wpcf7-submit has-spinner\" type=\"submit\" value=\"Absenden &gt;\" \/>\n\t<\/p>\n<\/div><div class=\"wpcf7-response-output\" aria-hidden=\"true\"><\/div>\n<\/form>\n<\/div>\n\t\t\t\t<\/div>\n\t\t\t\t<\/div>\n\t\t\t\t<\/div>\n\t\t\t\t\t<\/div>\n\t\t\t\t<\/div>\n\t\t<div class=\"elementor-element elementor-element-8f26a54 e-con-full e-flex e-con e-parent\" data-id=\"8f26a54\" data-element_type=\"container\" data-e-type=\"container\">\n\t\t\t\t<div class=\"elementor-element elementor-element-102f22d elementor-widget elementor-widget-google_maps\" data-id=\"102f22d\" data-element_type=\"widget\" data-e-type=\"widget\" data-widget_type=\"google_maps.default\">\n\t\t\t\t\t\t\t<div class=\"elementor-custom-embed\">\n\t\t\t<iframe loading=\"lazy\"\n\t\t\t\t\tsrc=\"https:\/\/maps.google.com\/maps?q=London%20Eye%2C%20London%2C%20United%20Kingdom&#038;t=m&#038;z=10&#038;output=embed&#038;iwloc=near\"\n\t\t\t\t\ttitle=\"London Eye, London, United Kingdom\"\n\t\t\t\t\taria-label=\"London Eye, London, United Kingdom\"\n\t\t\t><\/iframe>\n\t\t<\/div>\n\t\t\t\t\t\t<\/div>\n\t\t\t\t<\/div>\n\t\t\t\t<\/div>\n\t\t","protected":false},"excerpt":{"rendered":"<p>General InquiryBall Valve SpecificationsCustom Valve ProductionTechnical Documentation RequestBulk Order \/ PricingAfter-Sales SupportPartnership \/ Distribution<\/p>\n","protected":false},"author":1,"featured_media":0,"parent":0,"menu_order":0,"comment_status":"closed","ping_status":"closed","template":"","meta":{"_acf_changed":false,"inline_featured_image":false,"footnotes":""},"class_list":["post-8280","page","type-page","status-publish","hentry"],"acf":[],"yoast_head":"<!-- This site is optimized with the Yoast SEO plugin v27.3 - https:\/\/yoast.com\/product\/yoast-seo-wordpress\/ -->\n<title>Kontakt - Kugelhahn Muller<\/title>\n<meta name=\"robots\" content=\"noindex, follow, max-snippet:-1, max-image-preview:large, max-video-preview:-1\" \/>\n<meta property=\"og:locale\" content=\"de_DE\" \/>\n<meta property=\"og:type\" content=\"article\" \/>\n<meta property=\"og:title\" content=\"Kontakt - Kugelhahn Muller\" \/>\n<meta property=\"og:description\" content=\"General InquiryBall Valve SpecificationsCustom Valve ProductionTechnical Documentation RequestBulk Order \/ PricingAfter-Sales SupportPartnership \/ Distribution\" \/>\n<meta property=\"og:url\" content=\"https:\/\/kmul.staging.enigmat.io\/de\/kontakt\/\" \/>\n<meta property=\"og:site_name\" content=\"Kugelhahn Muller\" \/>\n<meta property=\"article:modified_time\" content=\"2026-04-01T07:08:59+00:00\" \/>\n<meta name=\"twitter:card\" content=\"summary_large_image\" \/>\n<script type=\"application\/ld+json\" class=\"yoast-schema-graph\">{\"@context\":\"https:\\\/\\\/schema.org\",\"@graph\":[{\"@type\":\"WebPage\",\"@id\":\"https:\\\/\\\/kmul.staging.enigmat.io\\\/de\\\/kontakt\\\/\",\"url\":\"https:\\\/\\\/kmul.staging.enigmat.io\\\/de\\\/kontakt\\\/\",\"name\":\"Kontakt - Kugelhahn Muller\",\"isPartOf\":{\"@id\":\"https:\\\/\\\/kmul.staging.enigmat.io\\\/de\\\/#website\"},\"datePublished\":\"2024-10-18T07:59:49+00:00\",\"dateModified\":\"2026-04-01T07:08:59+00:00\",\"breadcrumb\":{\"@id\":\"https:\\\/\\\/kmul.staging.enigmat.io\\\/de\\\/kontakt\\\/#breadcrumb\"},\"inLanguage\":\"de\",\"potentialAction\":[{\"@type\":\"ReadAction\",\"target\":[\"https:\\\/\\\/kmul.staging.enigmat.io\\\/de\\\/kontakt\\\/\"]}]},{\"@type\":\"BreadcrumbList\",\"@id\":\"https:\\\/\\\/kmul.staging.enigmat.io\\\/de\\\/kontakt\\\/#breadcrumb\",\"itemListElement\":[{\"@type\":\"ListItem\",\"position\":1,\"name\":\"Home\",\"item\":\"https:\\\/\\\/kmul.staging.enigmat.io\\\/de\\\/\"},{\"@type\":\"ListItem\",\"position\":2,\"name\":\"Kontakt\"}]},{\"@type\":\"WebSite\",\"@id\":\"https:\\\/\\\/kmul.staging.enigmat.io\\\/de\\\/#website\",\"url\":\"https:\\\/\\\/kmul.staging.enigmat.io\\\/de\\\/\",\"name\":\"Kugelhahn Muller\",\"description\":\"Multi-store WooCommerce Theme\",\"publisher\":{\"@id\":\"https:\\\/\\\/kmul.staging.enigmat.io\\\/de\\\/#organization\"},\"potentialAction\":[{\"@type\":\"SearchAction\",\"target\":{\"@type\":\"EntryPoint\",\"urlTemplate\":\"https:\\\/\\\/kmul.staging.enigmat.io\\\/de\\\/?s={search_term_string}\"},\"query-input\":{\"@type\":\"PropertyValueSpecification\",\"valueRequired\":true,\"valueName\":\"search_term_string\"}}],\"inLanguage\":\"de\"},{\"@type\":\"Organization\",\"@id\":\"https:\\\/\\\/kmul.staging.enigmat.io\\\/de\\\/#organization\",\"name\":\"Kugelhahn Muller\",\"url\":\"https:\\\/\\\/kmul.staging.enigmat.io\\\/de\\\/\",\"logo\":{\"@type\":\"ImageObject\",\"inLanguage\":\"de\",\"@id\":\"https:\\\/\\\/kmul.staging.enigmat.io\\\/de\\\/#\\\/schema\\\/logo\\\/image\\\/\",\"url\":\"https:\\\/\\\/kmul.staging.enigmat.io\\\/wp-content\\\/uploads\\\/2026\\\/02\\\/Group-1.svg\",\"contentUrl\":\"https:\\\/\\\/kmul.staging.enigmat.io\\\/wp-content\\\/uploads\\\/2026\\\/02\\\/Group-1.svg\",\"width\":218,\"height\":51,\"caption\":\"Kugelhahn Muller\"},\"image\":{\"@id\":\"https:\\\/\\\/kmul.staging.enigmat.io\\\/de\\\/#\\\/schema\\\/logo\\\/image\\\/\"}}]}<\/script>\n<!-- \/ Yoast SEO plugin. -->","yoast_head_json":{"title":"Kontakt - Kugelhahn Muller","robots":{"index":"noindex","follow":"follow","max-snippet":"max-snippet:-1","max-image-preview":"max-image-preview:large","max-video-preview":"max-video-preview:-1"},"og_locale":"de_DE","og_type":"article","og_title":"Kontakt - Kugelhahn Muller","og_description":"General InquiryBall Valve SpecificationsCustom Valve ProductionTechnical Documentation RequestBulk Order \/ PricingAfter-Sales SupportPartnership \/ Distribution","og_url":"https:\/\/kmul.staging.enigmat.io\/de\/kontakt\/","og_site_name":"Kugelhahn Muller","article_modified_time":"2026-04-01T07:08:59+00:00","twitter_card":"summary_large_image","schema":{"@context":"https:\/\/schema.org","@graph":[{"@type":"WebPage","@id":"https:\/\/kmul.staging.enigmat.io\/de\/kontakt\/","url":"https:\/\/kmul.staging.enigmat.io\/de\/kontakt\/","name":"Kontakt - Kugelhahn Muller","isPartOf":{"@id":"https:\/\/kmul.staging.enigmat.io\/de\/#website"},"datePublished":"2024-10-18T07:59:49+00:00","dateModified":"2026-04-01T07:08:59+00:00","breadcrumb":{"@id":"https:\/\/kmul.staging.enigmat.io\/de\/kontakt\/#breadcrumb"},"inLanguage":"de","potentialAction":[{"@type":"ReadAction","target":["https:\/\/kmul.staging.enigmat.io\/de\/kontakt\/"]}]},{"@type":"BreadcrumbList","@id":"https:\/\/kmul.staging.enigmat.io\/de\/kontakt\/#breadcrumb","itemListElement":[{"@type":"ListItem","position":1,"name":"Home","item":"https:\/\/kmul.staging.enigmat.io\/de\/"},{"@type":"ListItem","position":2,"name":"Kontakt"}]},{"@type":"WebSite","@id":"https:\/\/kmul.staging.enigmat.io\/de\/#website","url":"https:\/\/kmul.staging.enigmat.io\/de\/","name":"Kugelhahn Muller","description":"Multi-store WooCommerce Theme","publisher":{"@id":"https:\/\/kmul.staging.enigmat.io\/de\/#organization"},"potentialAction":[{"@type":"SearchAction","target":{"@type":"EntryPoint","urlTemplate":"https:\/\/kmul.staging.enigmat.io\/de\/?s={search_term_string}"},"query-input":{"@type":"PropertyValueSpecification","valueRequired":true,"valueName":"search_term_string"}}],"inLanguage":"de"},{"@type":"Organization","@id":"https:\/\/kmul.staging.enigmat.io\/de\/#organization","name":"Kugelhahn Muller","url":"https:\/\/kmul.staging.enigmat.io\/de\/","logo":{"@type":"ImageObject","inLanguage":"de","@id":"https:\/\/kmul.staging.enigmat.io\/de\/#\/schema\/logo\/image\/","url":"https:\/\/kmul.staging.enigmat.io\/wp-content\/uploads\/2026\/02\/Group-1.svg","contentUrl":"https:\/\/kmul.staging.enigmat.io\/wp-content\/uploads\/2026\/02\/Group-1.svg","width":218,"height":51,"caption":"Kugelhahn Muller"},"image":{"@id":"https:\/\/kmul.staging.enigmat.io\/de\/#\/schema\/logo\/image\/"}}]}},"_links":{"self":[{"href":"https:\/\/kmul.staging.enigmat.io\/de\/wp-json\/wp\/v2\/pages\/8280","targetHints":{"allow":["GET"]}}],"collection":[{"href":"https:\/\/kmul.staging.enigmat.io\/de\/wp-json\/wp\/v2\/pages"}],"about":[{"href":"https:\/\/kmul.staging.enigmat.io\/de\/wp-json\/wp\/v2\/types\/page"}],"author":[{"embeddable":true,"href":"https:\/\/kmul.staging.enigmat.io\/de\/wp-json\/wp\/v2\/users\/1"}],"replies":[{"embeddable":true,"href":"https:\/\/kmul.staging.enigmat.io\/de\/wp-json\/wp\/v2\/comments?post=8280"}],"version-history":[{"count":1,"href":"https:\/\/kmul.staging.enigmat.io\/de\/wp-json\/wp\/v2\/pages\/8280\/revisions"}],"predecessor-version":[{"id":8282,"href":"https:\/\/kmul.staging.enigmat.io\/de\/wp-json\/wp\/v2\/pages\/8280\/revisions\/8282"}],"wp:attachment":[{"href":"https:\/\/kmul.staging.enigmat.io\/de\/wp-json\/wp\/v2\/media?parent=8280"}],"curies":[{"name":"wp","href":"https:\/\/api.w.org\/{rel}","templated":true}]}}