{"id":8283,"date":"2026-02-13T11:20:03","date_gmt":"2026-02-13T11:20:03","guid":{"rendered":"https:\/\/kmul.staging.enigmat.io\/unsere-qualitaet\/"},"modified":"2026-04-01T07:09:00","modified_gmt":"2026-04-01T07:09:00","slug":"unsere-qualitaet","status":"publish","type":"page","link":"https:\/\/kmul.staging.enigmat.io\/de\/unsere-qualitaet\/","title":{"rendered":"Unsere Qualit\u00e4t"},"content":{"rendered":"\t\t<div data-elementor-type=\"wp-page\" data-elementor-id=\"8283\" class=\"elementor elementor-8283 elementor-7741\" data-elementor-post-type=\"page\">\n\t\t\t\t<div class=\"elementor-element elementor-element-c5d581e e-flex e-con-boxed e-con e-parent\" data-id=\"c5d581e\" data-element_type=\"container\" data-e-type=\"container\" data-settings=\"{&quot;background_background&quot;:&quot;classic&quot;}\">\n\t\t\t\t\t<div class=\"e-con-inner\">\n\t\t\t\t<div class=\"elementor-element elementor-element-cced42a elementor-widget elementor-widget-heading\" data-id=\"cced42a\" data-element_type=\"widget\" data-e-type=\"widget\" data-widget_type=\"heading.default\">\n\t\t\t\t\t<h1 class=\"elementor-heading-title elementor-size-default\">Qualit\u00e4t ohne Kompromisse<\/h1>\t\t\t\t<\/div>\n\t\t\t\t<div class=\"elementor-element elementor-element-a9522ef elementor-widget__width-initial elementor-widget elementor-widget-text-editor\" data-id=\"a9522ef\" data-element_type=\"widget\" data-e-type=\"widget\" data-widget_type=\"text-editor.default\">\n\t\t\t\t\t\t\t\t\t<p>Bei Kugelhahn M\u00fcller GmbH ist Qualit\u00e4t nicht nur ein Standard \u2013 sie ist ein zentraler Wert, der alles antreibt, was wir tun.<\/p>\n<p>Von der Rohstoffauswahl bis zur Endpr\u00fcfung ist jeder Kugelhahn, der unser Werk<br \/>\nverl\u00e4sst, das Ergebnis sorgf\u00e4ltiger Handwerkskunst, strenger Tests und eines tiefen Anspruchs an Exzellenz. Unsere Kunden verlassen sich auf Produkte, die<br \/>\nunter Druck zuverl\u00e4ssig funktionieren \u2013 und wir liefern, jedes Mal.<\/p>\n\t\t\t\t\t\t\t\t<\/div>\n\t\t\t\t\t<\/div>\n\t\t\t\t<\/div>\n\t\t<div class=\"elementor-element elementor-element-4fb6fca e-con-full e-flex e-con e-parent\" data-id=\"4fb6fca\" data-element_type=\"container\" data-e-type=\"container\">\n\t\t<div class=\"elementor-element elementor-element-61ef2f0 e-flex e-con-boxed e-con e-child\" data-id=\"61ef2f0\" data-element_type=\"container\" data-e-type=\"container\" data-settings=\"{&quot;background_background&quot;:&quot;classic&quot;}\">\n\t\t\t\t\t<div class=\"e-con-inner\">\n\t\t\t\t\t<\/div>\n\t\t\t\t<\/div>\n\t\t<div class=\"elementor-element elementor-element-d188a25 e-con-full quality-text-box e-flex e-con e-child\" data-id=\"d188a25\" data-element_type=\"container\" data-e-type=\"container\" data-settings=\"{&quot;background_background&quot;:&quot;classic&quot;}\">\n\t\t\t\t<div class=\"elementor-element elementor-element-26d9e2e elementor-widget__width-initial elementor-widget elementor-widget-heading\" data-id=\"26d9e2e\" data-element_type=\"widget\" data-e-type=\"widget\" data-widget_type=\"heading.default\">\n\t\t\t\t\t<h2 class=\"elementor-heading-title elementor-size-default\">Zertifiziert nach h\u00f6chsten Standards<\/h2>\t\t\t\t<\/div>\n\t\t\t\t<div class=\"elementor-element elementor-element-39301a0 elementor-widget__width-initial elementor-widget elementor-widget-text-editor\" data-id=\"39301a0\" data-element_type=\"widget\" data-e-type=\"widget\" data-widget_type=\"text-editor.default\">\n\t\t\t\t\t\t\t\t\t<p>Unsere Prozesse und Produkte erf\u00fcllen internationale Standards und gew\u00e4hrleisten Konsistenz, Sicherheit und Zuverl\u00e4ssigkeit in jeder Anwendung.<\/p>\n<p>Wir sind stolz auf Zertifizierungen, darunter:<\/p>\n<p>\u2022 ISO 9001 \u2013 Qualit\u00e4tsmanagementsystem<br \/>\n\u2022 PED 2014\/68\/EU \u2013 Druckger\u00e4terichtlinie<br \/>\n\u2022 ATEX \u2013 Ger\u00e4te f\u00fcr explosionsgef\u00e4hrdete Bereiche<br \/>\n\u2022 Zus\u00e4tzliche branchenspezifische Zulassungen auf Anfrage<\/p>\n\t\t\t\t\t\t\t\t<\/div>\n\t\t\t\t<div class=\"elementor-element elementor-element-c6c91d8 elementor-mobile-align-center elementor-widget__width-initial elementor-widget-tablet_extra__width-initial btn-secondary elementor-button-default elementor-widget elementor-widget-button\" data-id=\"c6c91d8\" data-element_type=\"widget\" data-e-type=\"widget\" data-widget_type=\"button.default\">\n\t\t\t\t\t\t\t\t\t\t<a class=\"elementor-button elementor-button-link elementor-size-sm\" href=\"#\">\n\t\t\t\t\t\t<span class=\"elementor-button-content-wrapper\">\n\t\t\t\t\t\t<span class=\"elementor-button-icon\">\n\t\t\t\t<i aria-hidden=\"true\" class=\"autosoe-icon- autosoe-icon-arrow-right\"><\/i>\t\t\t<\/span>\n\t\t\t\t\t\t\t\t\t<span class=\"elementor-button-text\">Downloads<\/span>\n\t\t\t\t\t<\/span>\n\t\t\t\t\t<\/a>\n\t\t\t\t\t\t\t\t<\/div>\n\t\t\t\t<\/div>\n\t\t\t\t<\/div>\n\t\t<div class=\"elementor-element elementor-element-2110862 e-con-full e-flex e-con e-parent\" data-id=\"2110862\" data-element_type=\"container\" data-e-type=\"container\">\n\t\t<div class=\"elementor-element elementor-element-301caa0 e-flex e-con-boxed e-con e-child\" data-id=\"301caa0\" data-element_type=\"container\" data-e-type=\"container\" data-settings=\"{&quot;background_background&quot;:&quot;classic&quot;}\">\n\t\t\t\t\t<div class=\"e-con-inner\">\n\t\t\t\t\t<\/div>\n\t\t\t\t<\/div>\n\t\t<div class=\"elementor-element elementor-element-ab848bc e-con-full quality-text-box e-flex e-con e-child\" data-id=\"ab848bc\" data-element_type=\"container\" data-e-type=\"container\" data-settings=\"{&quot;background_background&quot;:&quot;classic&quot;}\">\n\t\t\t\t<div class=\"elementor-element elementor-element-6a1d77d elementor-widget__width-initial elementor-widget elementor-widget-heading\" data-id=\"6a1d77d\" data-element_type=\"widget\" data-e-type=\"widget\" data-widget_type=\"heading.default\">\n\t\t\t\t\t<h2 class=\"elementor-heading-title elementor-size-default\">Interne Pr\u00fcfung &amp; Inspektion<\/h2>\t\t\t\t<\/div>\n\t\t\t\t<div class=\"elementor-element elementor-element-9540d40 elementor-widget__width-initial elementor-widget elementor-widget-text-editor\" data-id=\"9540d40\" data-element_type=\"widget\" data-e-type=\"widget\" data-widget_type=\"text-editor.default\">\n\t\t\t\t\t\t\t\t\t<p>Unsere Prozesse und Produkte erf\u00fcllen internationale Standards und gew\u00e4hrleisten Konsistenz, Sicherheit und Zuverl\u00e4ssigkeit in jeder Anwendung.<\/p>\n<p>Wir halten w\u00e4hrend der gesamten Produktionskette eine strenge Qualit\u00e4tskontrolle aufrecht:<\/p>\n<p>\u2022 100% Dichtheitspr\u00fcfung aller Kugelh\u00e4hne<br \/>\n\u2022 Ma\u00dfkontrollen mit kalibrierten Messmitteln<br \/>\n\u2022 Sicht- und Funktionspr\u00fcfung in jeder Produktionsstufe<br \/>\n\u2022 R\u00fcckverfolgbarkeit und Dokumentation f\u00fcr volle Transparenz<\/p>\n\t\t\t\t\t\t\t\t<\/div>\n\t\t\t\t<div class=\"elementor-element elementor-element-85fef6c elementor-mobile-align-center elementor-widget__width-initial elementor-widget-tablet_extra__width-initial btn-secondary elementor-button-default elementor-widget elementor-widget-button\" data-id=\"85fef6c\" data-element_type=\"widget\" data-e-type=\"widget\" data-widget_type=\"button.default\">\n\t\t\t\t\t\t\t\t\t\t<a class=\"elementor-button elementor-button-link elementor-size-sm\" href=\"#\">\n\t\t\t\t\t\t<span class=\"elementor-button-content-wrapper\">\n\t\t\t\t\t\t<span class=\"elementor-button-icon\">\n\t\t\t\t<i aria-hidden=\"true\" class=\"autosoe-icon- autosoe-icon-arrow-right\"><\/i>\t\t\t<\/span>\n\t\t\t\t\t\t\t\t\t<span class=\"elementor-button-text\">Produkte<\/span>\n\t\t\t\t\t<\/span>\n\t\t\t\t\t<\/a>\n\t\t\t\t\t\t\t\t<\/div>\n\t\t\t\t<\/div>\n\t\t\t\t<\/div>\n\t\t<div class=\"elementor-element elementor-element-5868b7a e-con-full e-flex e-con e-parent\" data-id=\"5868b7a\" data-element_type=\"container\" data-e-type=\"container\">\n\t\t<div class=\"elementor-element elementor-element-c38b7cb e-flex e-con-boxed e-con e-child\" data-id=\"c38b7cb\" data-element_type=\"container\" data-e-type=\"container\" data-settings=\"{&quot;background_background&quot;:&quot;classic&quot;}\">\n\t\t\t\t\t<div class=\"e-con-inner\">\n\t\t\t\t\t<\/div>\n\t\t\t\t<\/div>\n\t\t<div class=\"elementor-element elementor-element-93fd105 e-con-full quality-text-box e-flex e-con e-child\" data-id=\"93fd105\" data-element_type=\"container\" data-e-type=\"container\" data-settings=\"{&quot;background_background&quot;:&quot;classic&quot;}\">\n\t\t\t\t<div class=\"elementor-element elementor-element-d6744fd elementor-widget__width-initial elementor-widget elementor-widget-heading\" data-id=\"d6744fd\" data-element_type=\"widget\" data-e-type=\"widget\" data-widget_type=\"heading.default\">\n\t\t\t\t\t<h2 class=\"elementor-heading-title elementor-size-default\">Das Lager<\/h2>\t\t\t\t<\/div>\n\t\t\t\t<div class=\"elementor-element elementor-element-f1e3f91 elementor-widget__width-initial elementor-widget elementor-widget-text-editor\" data-id=\"f1e3f91\" data-element_type=\"widget\" data-e-type=\"widget\" data-widget_type=\"text-editor.default\">\n\t\t\t\t\t\t\t\t\t<p>Im Lager befinden sich z. B. Rohlinge, die auf die Weiterverarbeitung warten. Selbstverst\u00e4ndlich wird jede Ware bei Anlieferung sorgf\u00e4ltig gepr\u00fcft.<\/p>\n<p>Das Lager wurde 1999 gebaut, da mit dem Beginn der Serienproduktion mehr Fl\u00e4chen ben\u00f6tigt wurden, die vor Witterungseinfl\u00fcssen gesch\u00fctzt sind.<\/p>\n\t\t\t\t\t\t\t\t<\/div>\n\t\t\t\t<div class=\"elementor-element elementor-element-3b24784 elementor-mobile-align-center elementor-widget__width-initial elementor-widget-tablet_extra__width-initial btn-secondary elementor-button-default elementor-widget elementor-widget-button\" data-id=\"3b24784\" data-element_type=\"widget\" data-e-type=\"widget\" data-widget_type=\"button.default\">\n\t\t\t\t\t\t\t\t\t\t<a class=\"elementor-button elementor-button-link elementor-size-sm\" href=\"#\">\n\t\t\t\t\t\t<span class=\"elementor-button-content-wrapper\">\n\t\t\t\t\t\t<span class=\"elementor-button-icon\">\n\t\t\t\t<i aria-hidden=\"true\" class=\"autosoe-icon- autosoe-icon-arrow-right\"><\/i>\t\t\t<\/span>\n\t\t\t\t\t\t\t\t\t<span class=\"elementor-button-text\">Produkte<\/span>\n\t\t\t\t\t<\/span>\n\t\t\t\t\t<\/a>\n\t\t\t\t\t\t\t\t<\/div>\n\t\t\t\t<\/div>\n\t\t\t\t<\/div>\n\t\t<div class=\"elementor-element elementor-element-0964c77 e-con-full e-flex e-con e-parent\" data-id=\"0964c77\" data-element_type=\"container\" data-e-type=\"container\">\n\t\t<div class=\"elementor-element elementor-element-3951021 e-flex e-con-boxed e-con e-child\" data-id=\"3951021\" data-element_type=\"container\" data-e-type=\"container\" data-settings=\"{&quot;background_background&quot;:&quot;classic&quot;}\">\n\t\t\t\t\t<div class=\"e-con-inner\">\n\t\t\t\t\t<\/div>\n\t\t\t\t<\/div>\n\t\t<div class=\"elementor-element elementor-element-ce755e3 e-con-full quality-text-box e-flex e-con e-child\" data-id=\"ce755e3\" data-element_type=\"container\" data-e-type=\"container\" data-settings=\"{&quot;background_background&quot;:&quot;classic&quot;}\">\n\t\t\t\t<div class=\"elementor-element elementor-element-ca8feda elementor-widget__width-initial elementor-widget elementor-widget-heading\" data-id=\"ca8feda\" data-element_type=\"widget\" data-e-type=\"widget\" data-widget_type=\"heading.default\">\n\t\t\t\t\t<h2 class=\"elementor-heading-title elementor-size-default\">Gepr\u00fcfte Kugelh\u00e4hne<\/h2>\t\t\t\t<\/div>\n\t\t\t\t<div class=\"elementor-element elementor-element-53dc466 elementor-widget__width-initial elementor-widget elementor-widget-text-editor\" data-id=\"53dc466\" data-element_type=\"widget\" data-e-type=\"widget\" data-widget_type=\"text-editor.default\">\n\t\t\t\t\t\t\t\t\t<p>Dies ist der Lagerbereich f\u00fcr Kugelh\u00e4hne, die bereits gepr\u00fcft wurden.<br \/>\nDie hohe Lagerkapazit\u00e4t erm\u00f6glicht es uns, die im QM-Handbuch definierten Standards hinsichtlich der Lieferzeiten einzuhalten.<\/p>\n<p>Mit anderen Worten: 100% termingerechte Lieferung<br \/>\nLieferzeit f\u00fcr Standardprodukte: weniger als drei Tage<\/p>\n\t\t\t\t\t\t\t\t<\/div>\n\t\t\t\t<div class=\"elementor-element elementor-element-a46a989 elementor-mobile-align-center elementor-widget__width-initial elementor-widget-tablet_extra__width-initial btn-secondary elementor-button-default elementor-widget elementor-widget-button\" data-id=\"a46a989\" data-element_type=\"widget\" data-e-type=\"widget\" data-widget_type=\"button.default\">\n\t\t\t\t\t\t\t\t\t\t<a class=\"elementor-button elementor-button-link elementor-size-sm\" href=\"#\">\n\t\t\t\t\t\t<span class=\"elementor-button-content-wrapper\">\n\t\t\t\t\t\t<span class=\"elementor-button-icon\">\n\t\t\t\t<i aria-hidden=\"true\" class=\"autosoe-icon- autosoe-icon-arrow-right\"><\/i>\t\t\t<\/span>\n\t\t\t\t\t\t\t\t\t<span class=\"elementor-button-text\">Produkte<\/span>\n\t\t\t\t\t<\/span>\n\t\t\t\t\t<\/a>\n\t\t\t\t\t\t\t\t<\/div>\n\t\t\t\t<\/div>\n\t\t\t\t<\/div>\n\t\t<div class=\"elementor-element elementor-element-7e222b2 e-flex e-con-boxed e-con e-parent\" data-id=\"7e222b2\" data-element_type=\"container\" data-e-type=\"container\" data-settings=\"{&quot;background_background&quot;:&quot;classic&quot;}\">\n\t\t\t\t\t<div class=\"e-con-inner\">\n\t\t<div class=\"elementor-element elementor-element-ea46afb e-con-full e-flex e-con e-child\" data-id=\"ea46afb\" data-element_type=\"container\" data-e-type=\"container\">\n\t\t\t\t<div class=\"elementor-element elementor-element-577125c elementor-widget__width-initial elementor-widget elementor-widget-text-editor\" data-id=\"577125c\" data-element_type=\"widget\" data-e-type=\"widget\" data-widget_type=\"text-editor.default\">\n\t\t\t\t\t\t\t\t\t<p>Suchen Sie eine zuverl\u00e4ssige Kugelhahn-L\u00f6sung?<\/p>\n<p>Entdecken Sie unser komplettes Sortiment an Kugelh\u00e4hnen, entwickelt f\u00fcr die Anforderungen der anspruchsvollsten Branchen.<\/p>\n\t\t\t\t\t\t\t\t<\/div>\n\t\t\t\t<div class=\"elementor-element elementor-element-9a8b1df btn-secondary elementor-button-default elementor-widget elementor-widget-button\" data-id=\"9a8b1df\" data-element_type=\"widget\" data-e-type=\"widget\" data-widget_type=\"button.default\">\n\t\t\t\t\t\t\t\t\t\t<a class=\"elementor-button elementor-button-link elementor-size-sm\" href=\"#\">\n\t\t\t\t\t\t<span class=\"elementor-button-content-wrapper\">\n\t\t\t\t\t\t<span class=\"elementor-button-icon\">\n\t\t\t\t<i aria-hidden=\"true\" class=\"autosoe-icon- autosoe-icon-arrow-right\"><\/i>\t\t\t<\/span>\n\t\t\t\t\t\t\t\t\t<span class=\"elementor-button-text\">Produkte<\/span>\n\t\t\t\t\t<\/span>\n\t\t\t\t\t<\/a>\n\t\t\t\t\t\t\t\t<\/div>\n\t\t\t\t<\/div>\n\t\t<div class=\"elementor-element elementor-element-c9f109c e-con-full e-flex e-con e-child\" data-id=\"c9f109c\" data-element_type=\"container\" data-e-type=\"container\">\n\t\t\t\t<div class=\"elementor-element elementor-element-4b87ac0 elementor-widget__width-initial elementor-widget elementor-widget-image\" data-id=\"4b87ac0\" data-element_type=\"widget\" data-e-type=\"widget\" data-widget_type=\"image.default\">\n\t\t\t\t\t\t\t\t\t\t\t\t\t\t\t<img decoding=\"async\" src=\"https:\/\/kmul.staging.enigmat.io\/wp-content\/uploads\/elementor\/thumbs\/Component-17-\u2013-1-rj3g6odip3iq8qtpyoizw53wli545r3hvoduw3x4tw.png\" title=\"Component 17 \u2013 1\" alt=\"Component 17 \u2013 1\" loading=\"lazy\" \/>\t\t\t\t\t\t\t\t\t\t\t\t\t\t\t<\/div>\n\t\t\t\t<\/div>\n\t\t\t\t\t<\/div>\n\t\t\t\t<\/div>\n\t\t\t\t<\/div>\n\t\t","protected":false},"excerpt":{"rendered":"","protected":false},"author":1,"featured_media":0,"parent":0,"menu_order":0,"comment_status":"closed","ping_status":"closed","template":"template-homepage.php","meta":{"_acf_changed":false,"inline_featured_image":false,"footnotes":""},"class_list":["post-8283","page","type-page","status-publish","hentry"],"acf":[],"yoast_head":"<!-- This site is optimized with the Yoast SEO plugin v27.3 - https:\/\/yoast.com\/product\/yoast-seo-wordpress\/ -->\n<title>Unsere Qualit\u00e4t - Kugelhahn Muller<\/title>\n<meta name=\"robots\" content=\"noindex, follow, max-snippet:-1, max-image-preview:large, max-video-preview:-1\" \/>\n<meta property=\"og:locale\" content=\"de_DE\" \/>\n<meta property=\"og:type\" content=\"article\" \/>\n<meta property=\"og:title\" content=\"Unsere Qualit\u00e4t - Kugelhahn Muller\" \/>\n<meta property=\"og:url\" content=\"https:\/\/kmul.staging.enigmat.io\/de\/unsere-qualitaet\/\" \/>\n<meta property=\"og:site_name\" content=\"Kugelhahn Muller\" \/>\n<meta property=\"article:modified_time\" content=\"2026-04-01T07:09:00+00:00\" \/>\n<meta name=\"twitter:card\" content=\"summary_large_image\" \/>\n<script type=\"application\/ld+json\" class=\"yoast-schema-graph\">{\"@context\":\"https:\\\/\\\/schema.org\",\"@graph\":[{\"@type\":\"WebPage\",\"@id\":\"https:\\\/\\\/kmul.staging.enigmat.io\\\/de\\\/unsere-qualitaet\\\/\",\"url\":\"https:\\\/\\\/kmul.staging.enigmat.io\\\/de\\\/unsere-qualitaet\\\/\",\"name\":\"Unsere Qualit\u00e4t - Kugelhahn Muller\",\"isPartOf\":{\"@id\":\"https:\\\/\\\/kmul.staging.enigmat.io\\\/de\\\/#website\"},\"datePublished\":\"2026-02-13T11:20:03+00:00\",\"dateModified\":\"2026-04-01T07:09:00+00:00\",\"breadcrumb\":{\"@id\":\"https:\\\/\\\/kmul.staging.enigmat.io\\\/de\\\/unsere-qualitaet\\\/#breadcrumb\"},\"inLanguage\":\"de\",\"potentialAction\":[{\"@type\":\"ReadAction\",\"target\":[\"https:\\\/\\\/kmul.staging.enigmat.io\\\/de\\\/unsere-qualitaet\\\/\"]}]},{\"@type\":\"BreadcrumbList\",\"@id\":\"https:\\\/\\\/kmul.staging.enigmat.io\\\/de\\\/unsere-qualitaet\\\/#breadcrumb\",\"itemListElement\":[{\"@type\":\"ListItem\",\"position\":1,\"name\":\"Home\",\"item\":\"https:\\\/\\\/kmul.staging.enigmat.io\\\/de\\\/\"},{\"@type\":\"ListItem\",\"position\":2,\"name\":\"Unsere Qualit\u00e4t\"}]},{\"@type\":\"WebSite\",\"@id\":\"https:\\\/\\\/kmul.staging.enigmat.io\\\/de\\\/#website\",\"url\":\"https:\\\/\\\/kmul.staging.enigmat.io\\\/de\\\/\",\"name\":\"Kugelhahn Muller\",\"description\":\"Multi-store WooCommerce Theme\",\"publisher\":{\"@id\":\"https:\\\/\\\/kmul.staging.enigmat.io\\\/de\\\/#organization\"},\"potentialAction\":[{\"@type\":\"SearchAction\",\"target\":{\"@type\":\"EntryPoint\",\"urlTemplate\":\"https:\\\/\\\/kmul.staging.enigmat.io\\\/de\\\/?s={search_term_string}\"},\"query-input\":{\"@type\":\"PropertyValueSpecification\",\"valueRequired\":true,\"valueName\":\"search_term_string\"}}],\"inLanguage\":\"de\"},{\"@type\":\"Organization\",\"@id\":\"https:\\\/\\\/kmul.staging.enigmat.io\\\/de\\\/#organization\",\"name\":\"Kugelhahn Muller\",\"url\":\"https:\\\/\\\/kmul.staging.enigmat.io\\\/de\\\/\",\"logo\":{\"@type\":\"ImageObject\",\"inLanguage\":\"de\",\"@id\":\"https:\\\/\\\/kmul.staging.enigmat.io\\\/de\\\/#\\\/schema\\\/logo\\\/image\\\/\",\"url\":\"https:\\\/\\\/kmul.staging.enigmat.io\\\/wp-content\\\/uploads\\\/2026\\\/02\\\/Group-1.svg\",\"contentUrl\":\"https:\\\/\\\/kmul.staging.enigmat.io\\\/wp-content\\\/uploads\\\/2026\\\/02\\\/Group-1.svg\",\"width\":218,\"height\":51,\"caption\":\"Kugelhahn Muller\"},\"image\":{\"@id\":\"https:\\\/\\\/kmul.staging.enigmat.io\\\/de\\\/#\\\/schema\\\/logo\\\/image\\\/\"}}]}<\/script>\n<!-- \/ Yoast SEO plugin. -->","yoast_head_json":{"title":"Unsere Qualit\u00e4t - Kugelhahn Muller","robots":{"index":"noindex","follow":"follow","max-snippet":"max-snippet:-1","max-image-preview":"max-image-preview:large","max-video-preview":"max-video-preview:-1"},"og_locale":"de_DE","og_type":"article","og_title":"Unsere Qualit\u00e4t - Kugelhahn Muller","og_url":"https:\/\/kmul.staging.enigmat.io\/de\/unsere-qualitaet\/","og_site_name":"Kugelhahn Muller","article_modified_time":"2026-04-01T07:09:00+00:00","twitter_card":"summary_large_image","schema":{"@context":"https:\/\/schema.org","@graph":[{"@type":"WebPage","@id":"https:\/\/kmul.staging.enigmat.io\/de\/unsere-qualitaet\/","url":"https:\/\/kmul.staging.enigmat.io\/de\/unsere-qualitaet\/","name":"Unsere Qualit\u00e4t - Kugelhahn Muller","isPartOf":{"@id":"https:\/\/kmul.staging.enigmat.io\/de\/#website"},"datePublished":"2026-02-13T11:20:03+00:00","dateModified":"2026-04-01T07:09:00+00:00","breadcrumb":{"@id":"https:\/\/kmul.staging.enigmat.io\/de\/unsere-qualitaet\/#breadcrumb"},"inLanguage":"de","potentialAction":[{"@type":"ReadAction","target":["https:\/\/kmul.staging.enigmat.io\/de\/unsere-qualitaet\/"]}]},{"@type":"BreadcrumbList","@id":"https:\/\/kmul.staging.enigmat.io\/de\/unsere-qualitaet\/#breadcrumb","itemListElement":[{"@type":"ListItem","position":1,"name":"Home","item":"https:\/\/kmul.staging.enigmat.io\/de\/"},{"@type":"ListItem","position":2,"name":"Unsere Qualit\u00e4t"}]},{"@type":"WebSite","@id":"https:\/\/kmul.staging.enigmat.io\/de\/#website","url":"https:\/\/kmul.staging.enigmat.io\/de\/","name":"Kugelhahn Muller","description":"Multi-store WooCommerce Theme","publisher":{"@id":"https:\/\/kmul.staging.enigmat.io\/de\/#organization"},"potentialAction":[{"@type":"SearchAction","target":{"@type":"EntryPoint","urlTemplate":"https:\/\/kmul.staging.enigmat.io\/de\/?s={search_term_string}"},"query-input":{"@type":"PropertyValueSpecification","valueRequired":true,"valueName":"search_term_string"}}],"inLanguage":"de"},{"@type":"Organization","@id":"https:\/\/kmul.staging.enigmat.io\/de\/#organization","name":"Kugelhahn Muller","url":"https:\/\/kmul.staging.enigmat.io\/de\/","logo":{"@type":"ImageObject","inLanguage":"de","@id":"https:\/\/kmul.staging.enigmat.io\/de\/#\/schema\/logo\/image\/","url":"https:\/\/kmul.staging.enigmat.io\/wp-content\/uploads\/2026\/02\/Group-1.svg","contentUrl":"https:\/\/kmul.staging.enigmat.io\/wp-content\/uploads\/2026\/02\/Group-1.svg","width":218,"height":51,"caption":"Kugelhahn Muller"},"image":{"@id":"https:\/\/kmul.staging.enigmat.io\/de\/#\/schema\/logo\/image\/"}}]}},"_links":{"self":[{"href":"https:\/\/kmul.staging.enigmat.io\/de\/wp-json\/wp\/v2\/pages\/8283","targetHints":{"allow":["GET"]}}],"collection":[{"href":"https:\/\/kmul.staging.enigmat.io\/de\/wp-json\/wp\/v2\/pages"}],"about":[{"href":"https:\/\/kmul.staging.enigmat.io\/de\/wp-json\/wp\/v2\/types\/page"}],"author":[{"embeddable":true,"href":"https:\/\/kmul.staging.enigmat.io\/de\/wp-json\/wp\/v2\/users\/1"}],"replies":[{"embeddable":true,"href":"https:\/\/kmul.staging.enigmat.io\/de\/wp-json\/wp\/v2\/comments?post=8283"}],"version-history":[{"count":1,"href":"https:\/\/kmul.staging.enigmat.io\/de\/wp-json\/wp\/v2\/pages\/8283\/revisions"}],"predecessor-version":[{"id":8285,"href":"https:\/\/kmul.staging.enigmat.io\/de\/wp-json\/wp\/v2\/pages\/8283\/revisions\/8285"}],"wp:attachment":[{"href":"https:\/\/kmul.staging.enigmat.io\/de\/wp-json\/wp\/v2\/media?parent=8283"}],"curies":[{"name":"wp","href":"https:\/\/api.w.org\/{rel}","templated":true}]}}