{"id":8290,"date":"2024-10-18T06:38:40","date_gmt":"2024-10-18T06:38:40","guid":{"rendered":"https:\/\/kmul.staging.enigmat.io\/ueber-uns\/"},"modified":"2026-04-01T11:25:48","modified_gmt":"2026-04-01T11:25:48","slug":"ueber-uns","status":"publish","type":"page","link":"https:\/\/kmul.staging.enigmat.io\/de\/ueber-uns\/","title":{"rendered":"\u00dcber uns"},"content":{"rendered":"\t\t<div data-elementor-type=\"wp-page\" data-elementor-id=\"8290\" class=\"elementor elementor-8290 elementor-144\" data-elementor-post-type=\"page\">\n\t\t\t\t<div class=\"elementor-element elementor-element-c5d581e e-flex e-con-boxed e-con e-parent\" data-id=\"c5d581e\" data-element_type=\"container\" data-e-type=\"container\" data-settings=\"{&quot;background_background&quot;:&quot;classic&quot;}\">\n\t\t\t\t\t<div class=\"e-con-inner\">\n\t\t\t\t<div class=\"elementor-element elementor-element-cced42a elementor-widget elementor-widget-heading\" data-id=\"cced42a\" data-element_type=\"widget\" data-e-type=\"widget\" data-widget_type=\"heading.default\">\n\t\t\t\t\t<h1 class=\"elementor-heading-title elementor-size-default\">\u00dcber uns<\/h1>\t\t\t\t<\/div>\n\t\t\t\t<div class=\"elementor-element elementor-element-5abfda8 elementor-widget elementor-widget-heading\" data-id=\"5abfda8\" data-element_type=\"widget\" data-e-type=\"widget\" data-widget_type=\"heading.default\">\n\t\t\t\t\t<h3 class=\"elementor-heading-title elementor-size-default\">Qualit\u00e4t made in Germany seit 1979.<\/h3>\t\t\t\t<\/div>\n\t\t\t\t<div class=\"elementor-element elementor-element-a9522ef elementor-widget__width-initial elementor-widget elementor-widget-text-editor\" data-id=\"a9522ef\" data-element_type=\"widget\" data-e-type=\"widget\" data-widget_type=\"text-editor.default\">\n\t\t\t\t\t\t\t\t\t<p>Our core competence lies in the development, production and distribution of high-quality ball valves and special fittings for the chemical industry.<\/p>\n<p>We ensure that we can meet the ever-growing market demands through continuous investment in state-of-the-art technologies and process optimization, as well as through regular training of our employees.<\/p>\n\t\t\t\t\t\t\t\t<\/div>\n\t\t\t\t\t<\/div>\n\t\t\t\t<\/div>\n\t\t<div class=\"elementor-element elementor-element-b5ac624 e-flex e-con-boxed e-con e-parent\" data-id=\"b5ac624\" data-element_type=\"container\" data-e-type=\"container\">\n\t\t\t\t\t<div class=\"e-con-inner\">\n\t\t<div class=\"elementor-element elementor-element-2ac3ab1 e-con-full e-flex e-con e-child\" data-id=\"2ac3ab1\" data-element_type=\"container\" data-e-type=\"container\">\n\t\t\t\t<div class=\"elementor-element elementor-element-68aa117 elementor-widget__width-initial elementor-widget elementor-widget-image\" data-id=\"68aa117\" data-element_type=\"widget\" data-e-type=\"widget\" data-widget_type=\"image.default\">\n\t\t\t\t\t\t\t\t\t\t\t\t\t\t\t<img fetchpriority=\"high\" decoding=\"async\" width=\"577\" height=\"433\" src=\"https:\/\/kmul.staging.enigmat.io\/wp-content\/uploads\/2026\/02\/Mask-Group-9.jpg\" class=\"attachment-full size-full wp-image-8306\" alt=\"\" srcset=\"https:\/\/kmul.staging.enigmat.io\/wp-content\/uploads\/2026\/02\/Mask-Group-9.jpg 577w, https:\/\/kmul.staging.enigmat.io\/wp-content\/uploads\/2026\/02\/Mask-Group-9-300x225.jpg 300w\" sizes=\"(max-width: 577px) 100vw, 577px\" \/>\t\t\t\t\t\t\t\t\t\t\t\t\t\t\t<\/div>\n\t\t\t\t<\/div>\n\t\t<div class=\"elementor-element elementor-element-8990d22 e-con-full e-flex e-con e-child\" data-id=\"8990d22\" data-element_type=\"container\" data-e-type=\"container\">\n\t\t\t\t<div class=\"elementor-element elementor-element-0174648 elementor-widget__width-initial elementor-widget elementor-widget-heading\" data-id=\"0174648\" data-element_type=\"widget\" data-e-type=\"widget\" data-widget_type=\"heading.default\">\n\t\t\t\t\t<h2 class=\"elementor-heading-title elementor-size-default\">Unsere Reise<\/h2>\t\t\t\t<\/div>\n\t\t\t\t<div class=\"elementor-element elementor-element-b6f5173 elementor-widget__width-initial elementor-widget elementor-widget-text-editor\" data-id=\"b6f5173\" data-element_type=\"widget\" data-e-type=\"widget\" data-widget_type=\"text-editor.default\">\n\t\t\t\t\t\t\t\t\t<p>Gegr\u00fcndet auf unserem Anspruch an Qualit\u00e4t, Innovation und Kundenzufriedenheit, werden unsere Produkte so konstruiert, dass sie h\u00f6chsten Anspr\u00fcchen an Leistung und Zuverl\u00e4ssigkeit gen\u00fcgen. Ob f\u00fcr Wasser-, Gas-, \u00d6l- oder Chemieanwendungen \u2013 wir bieten langlebige Ventill\u00f6sungen f\u00fcr einen reibungslosen Betriebsablauf.<\/p>\n<p>Von einteiligen Kugelh\u00e4hnen bis hin zu komplexen, kundenspezifischen Systemen arbeiten wir eng mit unseren Kunden zusammen, um ma\u00dfgeschneiderte L\u00f6sungen mit kurzen Lieferzeiten und pers\u00f6nlicher Betreuung zu liefern. Unser Team vereint technisches Know-how mit Flexibilit\u00e4t und Engagement \u2013 \u200b\u200bdenn langfristige Partnerschaften sind uns wichtig.<\/p>\n\t\t\t\t\t\t\t\t<\/div>\n\t\t\t\t<\/div>\n\t\t\t\t\t<\/div>\n\t\t\t\t<\/div>\n\t\t<div class=\"elementor-element elementor-element-892130d e-flex e-con-boxed e-con e-parent\" data-id=\"892130d\" data-element_type=\"container\" data-e-type=\"container\">\n\t\t\t\t\t<div class=\"e-con-inner\">\n\t\t\t\t<div class=\"elementor-element elementor-element-469b449 elementor-widget__width-initial elementor-widget elementor-widget-image\" data-id=\"469b449\" data-element_type=\"widget\" data-e-type=\"widget\" data-widget_type=\"image.default\">\n\t\t\t\t\t\t\t\t\t\t\t\t\t\t\t<img decoding=\"async\" width=\"900\" height=\"211\" src=\"https:\/\/kmul.staging.enigmat.io\/wp-content\/uploads\/2026\/02\/Group-1.svg\" class=\"attachment-large size-large wp-image-8307\" alt=\"\" \/>\t\t\t\t\t\t\t\t\t\t\t\t\t\t\t<\/div>\n\t\t\t\t\t<\/div>\n\t\t\t\t<\/div>\n\t\t<div class=\"elementor-element elementor-element-dffadec e-flex e-con-boxed e-con e-parent\" data-id=\"dffadec\" data-element_type=\"container\" data-e-type=\"container\">\n\t\t\t\t\t<div class=\"e-con-inner\">\n\t\t\t\t<div class=\"elementor-element elementor-element-7f7b5cb elementor-widget elementor-widget-shortcode\" data-id=\"7f7b5cb\" data-element_type=\"widget\" data-e-type=\"widget\" data-widget_type=\"shortcode.default\">\n\t\t\t\t\t\t\t<div class=\"elementor-shortcode\">\n    \n    <div class=\"timeline\">\n\n    \n        \n        <div class=\"timeline-item\">  \n            <h4 class=\"timeline-item-title\">1999<\/h4>\n\n            <div class=\"timeline-item-bottom\">\n                <div class=\"dots\"><\/div>\n\n                <div class=\"timeline-item-text\">\n                    <p>gfdjhgsdfkjhg<\/p>\n                <\/div>\n            <\/div>\n        <\/div>\n\n    \n        \n        <div class=\"timeline-item\">  \n            <h4 class=\"timeline-item-title\">5555<\/h4>\n\n            <div class=\"timeline-item-bottom\">\n                <div class=\"dots\"><\/div>\n\n                <div class=\"timeline-item-text\">\n                    <p>jhngbjhgjkg<\/p>\n                <\/div>\n            <\/div>\n        <\/div>\n\n    \n    <\/div>\n\n    \n    <\/div>\n\t\t\t\t\t\t<\/div>\n\t\t\t\t\t<\/div>\n\t\t\t\t<\/div>\n\t\t<div class=\"elementor-element elementor-element-3743d7f e-flex e-con-boxed e-con e-parent\" data-id=\"3743d7f\" data-element_type=\"container\" data-e-type=\"container\" data-settings=\"{&quot;background_background&quot;:&quot;classic&quot;}\">\n\t\t\t\t\t<div class=\"e-con-inner\">\n\t\t<div class=\"elementor-element elementor-element-04cb3e0 e-con-full e-flex e-con e-child\" data-id=\"04cb3e0\" data-element_type=\"container\" data-e-type=\"container\">\n\t\t\t\t<div class=\"elementor-element elementor-element-d2cd379 elementor-widget__width-initial elementor-widget elementor-widget-text-editor\" data-id=\"d2cd379\" data-element_type=\"widget\" data-e-type=\"widget\" data-widget_type=\"text-editor.default\">\n\t\t\t\t\t\t\t\t\t<p>Suchen Sie eine zuverl\u00e4ssige Ventill\u00f6sung?<\/p>\n<p>Entdecken Sie unser komplettes Sortiment an Kugelh\u00e4hnen \u2013 entwickelt f\u00fcr die anspruchsvollsten Branchen.<\/p>\n\t\t\t\t\t\t\t\t<\/div>\n\t\t\t\t<div class=\"elementor-element elementor-element-7877551 btn-secondary elementor-button-default elementor-widget elementor-widget-button\" data-id=\"7877551\" data-element_type=\"widget\" data-e-type=\"widget\" data-widget_type=\"button.default\">\n\t\t\t\t\t\t\t\t\t\t<a class=\"elementor-button elementor-button-link elementor-size-sm\" href=\"https:\/\/kmul.staging.enigmat.io\/products\/\">\n\t\t\t\t\t\t<span class=\"elementor-button-content-wrapper\">\n\t\t\t\t\t\t<span class=\"elementor-button-icon\">\n\t\t\t\t<i aria-hidden=\"true\" class=\"autosoe-icon- autosoe-icon-arrow-right\"><\/i>\t\t\t<\/span>\n\t\t\t\t\t\t\t\t\t<span class=\"elementor-button-text\">Produkte<\/span>\n\t\t\t\t\t<\/span>\n\t\t\t\t\t<\/a>\n\t\t\t\t\t\t\t\t<\/div>\n\t\t\t\t<\/div>\n\t\t<div class=\"elementor-element elementor-element-9b45aff e-con-full e-flex e-con e-child\" data-id=\"9b45aff\" data-element_type=\"container\" data-e-type=\"container\">\n\t\t\t\t<div class=\"elementor-element elementor-element-e798d1c elementor-widget__width-initial elementor-widget elementor-widget-image\" data-id=\"e798d1c\" data-element_type=\"widget\" data-e-type=\"widget\" data-widget_type=\"image.default\">\n\t\t\t\t\t\t\t\t\t\t\t\t\t\t\t<img decoding=\"async\" src=\"https:\/\/kmul.staging.enigmat.io\/wp-content\/uploads\/elementor\/thumbs\/KM-20_21_Thumbnail_PPT-rl4hguw5wvyi0ech0yzi3zlri9qcawmumdj39h80j8.png\" title=\"KM 20_21_Thumbnail_PPT\" alt=\"KM 20_21_Thumbnail_PPT\" loading=\"lazy\" \/>\t\t\t\t\t\t\t\t\t\t\t\t\t\t\t<\/div>\n\t\t\t\t<\/div>\n\t\t\t\t\t<\/div>\n\t\t\t\t<\/div>\n\t\t\t\t<\/div>\n\t\t","protected":false},"excerpt":{"rendered":"","protected":false},"author":1,"featured_media":0,"parent":0,"menu_order":0,"comment_status":"closed","ping_status":"closed","template":"template-homepage.php","meta":{"_acf_changed":false,"inline_featured_image":false,"footnotes":""},"class_list":["post-8290","page","type-page","status-publish","hentry"],"acf":[],"yoast_head":"<!-- This site is optimized with the Yoast SEO plugin v27.3 - https:\/\/yoast.com\/product\/yoast-seo-wordpress\/ -->\n<title>\u00dcber uns - Kugelhahn Muller<\/title>\n<meta name=\"robots\" content=\"noindex, follow, max-snippet:-1, max-image-preview:large, max-video-preview:-1\" \/>\n<meta property=\"og:locale\" content=\"de_DE\" \/>\n<meta property=\"og:type\" content=\"article\" \/>\n<meta property=\"og:title\" content=\"\u00dcber uns - Kugelhahn Muller\" \/>\n<meta property=\"og:url\" content=\"https:\/\/kmul.staging.enigmat.io\/de\/ueber-uns\/\" \/>\n<meta property=\"og:site_name\" content=\"Kugelhahn Muller\" \/>\n<meta property=\"article:modified_time\" content=\"2026-04-01T11:25:48+00:00\" \/>\n<meta name=\"twitter:card\" content=\"summary_large_image\" \/>\n<script type=\"application\/ld+json\" class=\"yoast-schema-graph\">{\"@context\":\"https:\\\/\\\/schema.org\",\"@graph\":[{\"@type\":\"WebPage\",\"@id\":\"https:\\\/\\\/kmul.staging.enigmat.io\\\/de\\\/ueber-uns\\\/\",\"url\":\"https:\\\/\\\/kmul.staging.enigmat.io\\\/de\\\/ueber-uns\\\/\",\"name\":\"\u00dcber uns - Kugelhahn Muller\",\"isPartOf\":{\"@id\":\"https:\\\/\\\/kmul.staging.enigmat.io\\\/de\\\/#website\"},\"primaryImageOfPage\":{\"@id\":\"https:\\\/\\\/kmul.staging.enigmat.io\\\/de\\\/ueber-uns\\\/#primaryimage\"},\"image\":{\"@id\":\"https:\\\/\\\/kmul.staging.enigmat.io\\\/de\\\/ueber-uns\\\/#primaryimage\"},\"thumbnailUrl\":\"https:\\\/\\\/kmul.staging.enigmat.io\\\/wp-content\\\/uploads\\\/2026\\\/02\\\/Group-1.svg\",\"datePublished\":\"2024-10-18T06:38:40+00:00\",\"dateModified\":\"2026-04-01T11:25:48+00:00\",\"breadcrumb\":{\"@id\":\"https:\\\/\\\/kmul.staging.enigmat.io\\\/de\\\/ueber-uns\\\/#breadcrumb\"},\"inLanguage\":\"de\",\"potentialAction\":[{\"@type\":\"ReadAction\",\"target\":[\"https:\\\/\\\/kmul.staging.enigmat.io\\\/de\\\/ueber-uns\\\/\"]}]},{\"@type\":\"ImageObject\",\"inLanguage\":\"de\",\"@id\":\"https:\\\/\\\/kmul.staging.enigmat.io\\\/de\\\/ueber-uns\\\/#primaryimage\",\"url\":\"https:\\\/\\\/kmul.staging.enigmat.io\\\/wp-content\\\/uploads\\\/2026\\\/02\\\/Group-1.svg\",\"contentUrl\":\"https:\\\/\\\/kmul.staging.enigmat.io\\\/wp-content\\\/uploads\\\/2026\\\/02\\\/Group-1.svg\"},{\"@type\":\"BreadcrumbList\",\"@id\":\"https:\\\/\\\/kmul.staging.enigmat.io\\\/de\\\/ueber-uns\\\/#breadcrumb\",\"itemListElement\":[{\"@type\":\"ListItem\",\"position\":1,\"name\":\"Home\",\"item\":\"https:\\\/\\\/kmul.staging.enigmat.io\\\/de\\\/\"},{\"@type\":\"ListItem\",\"position\":2,\"name\":\"\u00dcber uns\"}]},{\"@type\":\"WebSite\",\"@id\":\"https:\\\/\\\/kmul.staging.enigmat.io\\\/de\\\/#website\",\"url\":\"https:\\\/\\\/kmul.staging.enigmat.io\\\/de\\\/\",\"name\":\"Kugelhahn Muller\",\"description\":\"Multi-store WooCommerce Theme\",\"publisher\":{\"@id\":\"https:\\\/\\\/kmul.staging.enigmat.io\\\/de\\\/#organization\"},\"potentialAction\":[{\"@type\":\"SearchAction\",\"target\":{\"@type\":\"EntryPoint\",\"urlTemplate\":\"https:\\\/\\\/kmul.staging.enigmat.io\\\/de\\\/?s={search_term_string}\"},\"query-input\":{\"@type\":\"PropertyValueSpecification\",\"valueRequired\":true,\"valueName\":\"search_term_string\"}}],\"inLanguage\":\"de\"},{\"@type\":\"Organization\",\"@id\":\"https:\\\/\\\/kmul.staging.enigmat.io\\\/de\\\/#organization\",\"name\":\"Kugelhahn Muller\",\"url\":\"https:\\\/\\\/kmul.staging.enigmat.io\\\/de\\\/\",\"logo\":{\"@type\":\"ImageObject\",\"inLanguage\":\"de\",\"@id\":\"https:\\\/\\\/kmul.staging.enigmat.io\\\/de\\\/#\\\/schema\\\/logo\\\/image\\\/\",\"url\":\"https:\\\/\\\/kmul.staging.enigmat.io\\\/wp-content\\\/uploads\\\/2026\\\/02\\\/Group-1.svg\",\"contentUrl\":\"https:\\\/\\\/kmul.staging.enigmat.io\\\/wp-content\\\/uploads\\\/2026\\\/02\\\/Group-1.svg\",\"width\":218,\"height\":51,\"caption\":\"Kugelhahn Muller\"},\"image\":{\"@id\":\"https:\\\/\\\/kmul.staging.enigmat.io\\\/de\\\/#\\\/schema\\\/logo\\\/image\\\/\"}}]}<\/script>\n<!-- \/ Yoast SEO plugin. -->","yoast_head_json":{"title":"\u00dcber uns - Kugelhahn Muller","robots":{"index":"noindex","follow":"follow","max-snippet":"max-snippet:-1","max-image-preview":"max-image-preview:large","max-video-preview":"max-video-preview:-1"},"og_locale":"de_DE","og_type":"article","og_title":"\u00dcber uns - Kugelhahn Muller","og_url":"https:\/\/kmul.staging.enigmat.io\/de\/ueber-uns\/","og_site_name":"Kugelhahn Muller","article_modified_time":"2026-04-01T11:25:48+00:00","twitter_card":"summary_large_image","schema":{"@context":"https:\/\/schema.org","@graph":[{"@type":"WebPage","@id":"https:\/\/kmul.staging.enigmat.io\/de\/ueber-uns\/","url":"https:\/\/kmul.staging.enigmat.io\/de\/ueber-uns\/","name":"\u00dcber uns - Kugelhahn Muller","isPartOf":{"@id":"https:\/\/kmul.staging.enigmat.io\/de\/#website"},"primaryImageOfPage":{"@id":"https:\/\/kmul.staging.enigmat.io\/de\/ueber-uns\/#primaryimage"},"image":{"@id":"https:\/\/kmul.staging.enigmat.io\/de\/ueber-uns\/#primaryimage"},"thumbnailUrl":"https:\/\/kmul.staging.enigmat.io\/wp-content\/uploads\/2026\/02\/Group-1.svg","datePublished":"2024-10-18T06:38:40+00:00","dateModified":"2026-04-01T11:25:48+00:00","breadcrumb":{"@id":"https:\/\/kmul.staging.enigmat.io\/de\/ueber-uns\/#breadcrumb"},"inLanguage":"de","potentialAction":[{"@type":"ReadAction","target":["https:\/\/kmul.staging.enigmat.io\/de\/ueber-uns\/"]}]},{"@type":"ImageObject","inLanguage":"de","@id":"https:\/\/kmul.staging.enigmat.io\/de\/ueber-uns\/#primaryimage","url":"https:\/\/kmul.staging.enigmat.io\/wp-content\/uploads\/2026\/02\/Group-1.svg","contentUrl":"https:\/\/kmul.staging.enigmat.io\/wp-content\/uploads\/2026\/02\/Group-1.svg"},{"@type":"BreadcrumbList","@id":"https:\/\/kmul.staging.enigmat.io\/de\/ueber-uns\/#breadcrumb","itemListElement":[{"@type":"ListItem","position":1,"name":"Home","item":"https:\/\/kmul.staging.enigmat.io\/de\/"},{"@type":"ListItem","position":2,"name":"\u00dcber uns"}]},{"@type":"WebSite","@id":"https:\/\/kmul.staging.enigmat.io\/de\/#website","url":"https:\/\/kmul.staging.enigmat.io\/de\/","name":"Kugelhahn Muller","description":"Multi-store WooCommerce Theme","publisher":{"@id":"https:\/\/kmul.staging.enigmat.io\/de\/#organization"},"potentialAction":[{"@type":"SearchAction","target":{"@type":"EntryPoint","urlTemplate":"https:\/\/kmul.staging.enigmat.io\/de\/?s={search_term_string}"},"query-input":{"@type":"PropertyValueSpecification","valueRequired":true,"valueName":"search_term_string"}}],"inLanguage":"de"},{"@type":"Organization","@id":"https:\/\/kmul.staging.enigmat.io\/de\/#organization","name":"Kugelhahn Muller","url":"https:\/\/kmul.staging.enigmat.io\/de\/","logo":{"@type":"ImageObject","inLanguage":"de","@id":"https:\/\/kmul.staging.enigmat.io\/de\/#\/schema\/logo\/image\/","url":"https:\/\/kmul.staging.enigmat.io\/wp-content\/uploads\/2026\/02\/Group-1.svg","contentUrl":"https:\/\/kmul.staging.enigmat.io\/wp-content\/uploads\/2026\/02\/Group-1.svg","width":218,"height":51,"caption":"Kugelhahn Muller"},"image":{"@id":"https:\/\/kmul.staging.enigmat.io\/de\/#\/schema\/logo\/image\/"}}]}},"_links":{"self":[{"href":"https:\/\/kmul.staging.enigmat.io\/de\/wp-json\/wp\/v2\/pages\/8290","targetHints":{"allow":["GET"]}}],"collection":[{"href":"https:\/\/kmul.staging.enigmat.io\/de\/wp-json\/wp\/v2\/pages"}],"about":[{"href":"https:\/\/kmul.staging.enigmat.io\/de\/wp-json\/wp\/v2\/types\/page"}],"author":[{"embeddable":true,"href":"https:\/\/kmul.staging.enigmat.io\/de\/wp-json\/wp\/v2\/users\/1"}],"replies":[{"embeddable":true,"href":"https:\/\/kmul.staging.enigmat.io\/de\/wp-json\/wp\/v2\/comments?post=8290"}],"version-history":[{"count":3,"href":"https:\/\/kmul.staging.enigmat.io\/de\/wp-json\/wp\/v2\/pages\/8290\/revisions"}],"predecessor-version":[{"id":8323,"href":"https:\/\/kmul.staging.enigmat.io\/de\/wp-json\/wp\/v2\/pages\/8290\/revisions\/8323"}],"wp:attachment":[{"href":"https:\/\/kmul.staging.enigmat.io\/de\/wp-json\/wp\/v2\/media?parent=8290"}],"curies":[{"name":"wp","href":"https:\/\/api.w.org\/{rel}","templated":true}]}}